{"id":1062,"date":"2024-05-09T18:50:50","date_gmt":"2024-05-09T18:50:50","guid":{"rendered":"https:\/\/labsmpe.uchile.cl\/?page_id=1062"},"modified":"2025-05-08T15:40:42","modified_gmt":"2025-05-08T15:40:42","slug":"proyectos-y-ensayos","status":"publish","type":"page","link":"https:\/\/labsmpe.uchile.cl\/?page_id=1062","title":{"rendered":"Ensayos Y Equipos"},"content":{"rendered":"\n<div class=\"wp-block-cover alignfull is-light\" style=\"margin-top:0px;margin-bottom:0px;padding-top:0;padding-bottom:0;min-height:10vh;aspect-ratio:unset;\"><span aria-hidden=\"true\" class=\"wp-block-cover__background has-background-dim-100 has-background-dim\" style=\"background-color:#eaeff9\"><\/span><div class=\"wp-block-cover__inner-container has-global-padding is-layout-constrained wp-container-core-cover-is-layout-391ad7cf wp-block-cover-is-layout-constrained\">\n<div class=\"wp-block-group has-global-padding is-layout-constrained wp-block-group-is-layout-constrained\" style=\"padding-top:100px;padding-bottom:100px\">\n<h1 class=\"wp-block-heading has-text-align-center has-text-color has-josefin-sans-font-family\" style=\"color:#07277c;font-size:clamp(31.152px, 1.947rem + ((1vw - 3.2px) * 2.71), 55px);font-style:normal;font-weight:600\">Ensayos Y Equipos<\/h1>\n<\/div>\n<\/div><\/div>\n\n\n\n<section class=\"wp-block-group alignfull has-text-color has-global-padding is-layout-constrained wp-container-core-group-is-layout-b691706e wp-block-group-is-layout-constrained\" style=\"color:#03081e;margin-top:0px;padding-top:4.01rem;padding-right:1rem;padding-bottom:5.5rem;padding-left:1rem;font-size:clamp(0.875rem, 0.875rem + ((1vw - 0.2rem) * 0.464), 1.13rem);font-style:normal;font-weight:400;line-height:1.4\">\n<div class=\"wp-block-columns is-layout-flex wp-container-core-columns-is-layout-db2df21c wp-block-columns-is-layout-flex\" style=\"margin-bottom:0px\">\n<div class=\"wp-block-column is-layout-flow wp-block-column-is-layout-flow\">\n<div class=\"wp-block-group is-vertical is-content-justification-left is-layout-flex wp-container-core-group-is-layout-c5d44cae wp-block-group-is-layout-flex\" style=\"min-height:100%\">\n<div class=\"wp-block-group has-global-padding is-content-justification-center is-layout-constrained wp-container-core-group-is-layout-b15c80d6 wp-block-group-is-layout-constrained\">\n<h3 class=\"wp-block-heading has-text-align-left has-text-color\" style=\"color:#07277c;margin-top:0.5rem;margin-bottom:1.01rem;font-size:clamp(1.044rem, 1.044rem + ((1vw - 0.2rem) * 1.029), 1.61rem);font-style:normal;font-weight:500;letter-spacing:0px;line-height:1.3;text-transform:capitalize\">Implementos y Equipos<\/h3>\n\n\n\n<p class=\"has-text-align-left has-text-color\" style=\"color:#03081e;margin-top:0rem;margin-right:31;margin-left:80;font-size:clamp(0.875rem, 0.875rem + ((1vw - 0.2rem) * 0.227), 1rem);font-style:normal;font-weight:400;line-height:1.6\">El laboratorio dispone de gran cantidad de elementos que permiten el desarrollo pedag\u00f3gico de los estudiantes y la investigaci\u00f3n del departamento. A continuaci\u00f3n, se listan dichos equipos:<\/p>\n\n\n\n<ul class=\"wp-block-list\">\n<li style=\"font-size:clamp(0.875rem, 0.875rem + ((1vw - 0.2rem) * 0.227), 1rem);\">Mesa s\u00edsmica vibradora de superficie triangular <\/li>\n\n\n\n<li style=\"font-size:clamp(0.875rem, 0.875rem + ((1vw - 0.2rem) * 0.227), 1rem);\">Equipo de corte directo  <\/li>\n\n\n\n<li style=\"font-size:clamp(0.875rem, 0.875rem + ((1vw - 0.2rem) * 0.227), 1rem);\">Equipo de corte simple <\/li>\n\n\n\n<li style=\"font-size:clamp(0.875rem, 0.875rem + ((1vw - 0.2rem) * 0.227), 1rem);\">Prensas triaxiales <\/li>\n\n\n\n<li style=\"font-size:clamp(0.875rem, 0.875rem + ((1vw - 0.2rem) * 0.227), 1rem);\">Equipo triaxial c\u00edclico con confinamiento <\/li>\n\n\n\n<li style=\"font-size:clamp(0.875rem, 0.875rem + ((1vw - 0.2rem) * 0.227), 1rem);\">Equipo triaxial c\u00edclico de altas presiones <\/li>\n\n\n\n<li style=\"font-size:clamp(0.875rem, 0.875rem + ((1vw - 0.2rem) * 0.227), 1rem);\">Marco de carga <\/li>\n\n\n\n<li style=\"font-size:clamp(0.875rem, 0.875rem + ((1vw - 0.2rem) * 0.227), 1rem);\">Equipos de consolidaci\u00f3n para muestras simultaneas<\/li>\n\n\n\n<li style=\"font-size:clamp(0.875rem, 0.875rem + ((1vw - 0.2rem) * 0.227), 1rem);\">Equipo triaxial para ensayo de suelos parcialmente saturado<\/li>\n\n\n\n<li style=\"font-size:clamp(0.875rem, 0.875rem + ((1vw - 0.2rem) * 0.227), 1rem);\">Equipo consolidaci\u00f3n para deformaciones controladas<\/li>\n\n\n\n<li style=\"font-size:clamp(0.875rem, 0.875rem + ((1vw - 0.2rem) * 0.227), 1rem);\">Microscopio Digital<\/li>\n\n\n\n<li style=\"font-size:clamp(0.875rem, 0.875rem + ((1vw - 0.2rem) * 0.227), 1rem);\">Equipo de refracci\u00f3n s\u00edsmica con ge\u00f3fonos <\/li>\n<\/ul>\n<\/div>\n<\/div>\n<\/div>\n\n\n\n<div class=\"wp-block-column has-global-padding is-content-justification-left is-layout-constrained wp-container-core-column-is-layout-12dd3699 wp-block-column-is-layout-constrained\" style=\"flex-basis:50%\">\n<figure class=\"wp-block-image aligncenter size-large is-resized\"><img fetchpriority=\"high\" decoding=\"async\" width=\"1024\" height=\"575\" src=\"https:\/\/labsmpe.uchile.cl\/wp-content\/uploads\/2024\/07\/IMG_0482-2-1024x575.jpg\" alt=\"\" class=\"wp-image-1252\" style=\"width:552px;height:auto\" srcset=\"https:\/\/labsmpe.uchile.cl\/wp-content\/uploads\/2024\/07\/IMG_0482-2-1024x575.jpg 1024w, https:\/\/labsmpe.uchile.cl\/wp-content\/uploads\/2024\/07\/IMG_0482-2-300x168.jpg 300w, https:\/\/labsmpe.uchile.cl\/wp-content\/uploads\/2024\/07\/IMG_0482-2-768x431.jpg 768w, https:\/\/labsmpe.uchile.cl\/wp-content\/uploads\/2024\/07\/IMG_0482-2-1536x862.jpg 1536w, https:\/\/labsmpe.uchile.cl\/wp-content\/uploads\/2024\/07\/IMG_0482-2-2048x1150.jpg 2048w\" sizes=\"(max-width: 1024px) 100vw, 1024px\" \/><\/figure>\n<\/div>\n<\/div>\n<\/section>\n\n\n\n<section class=\"wp-block-group alignfull has-text-color is-nowrap is-layout-flex wp-container-core-group-is-layout-1d6fe155 wp-block-group-is-layout-flex\" style=\"color:#03081e;margin-top:0px;padding-top:4.01rem;padding-right:1rem;padding-bottom:5.5rem;padding-left:1rem;font-size:clamp(0.875rem, 0.875rem + ((1vw - 0.2rem) * 0.464), 1.13rem);font-style:normal;font-weight:400;line-height:1.4\">\n<div class=\"wp-block-columns is-layout-flex wp-container-core-columns-is-layout-db2df21c wp-block-columns-is-layout-flex\" style=\"margin-bottom:0px\">\n<div class=\"wp-block-column has-global-padding is-content-justification-left is-layout-constrained wp-container-core-column-is-layout-12dd3699 wp-block-column-is-layout-constrained\" style=\"flex-basis:50%\">\n<figure class=\"wp-block-image aligncenter size-large is-resized\"><img decoding=\"async\" width=\"1024\" height=\"768\" src=\"https:\/\/labsmpe.uchile.cl\/wp-content\/uploads\/2024\/07\/IMG_0095-1024x768.jpg\" alt=\"\" class=\"wp-image-1253\" style=\"width:552px;height:auto\" srcset=\"https:\/\/labsmpe.uchile.cl\/wp-content\/uploads\/2024\/07\/IMG_0095-1024x768.jpg 1024w, https:\/\/labsmpe.uchile.cl\/wp-content\/uploads\/2024\/07\/IMG_0095-300x225.jpg 300w, https:\/\/labsmpe.uchile.cl\/wp-content\/uploads\/2024\/07\/IMG_0095-768x576.jpg 768w, https:\/\/labsmpe.uchile.cl\/wp-content\/uploads\/2024\/07\/IMG_0095-1536x1152.jpg 1536w, https:\/\/labsmpe.uchile.cl\/wp-content\/uploads\/2024\/07\/IMG_0095-2048x1536.jpg 2048w\" sizes=\"(max-width: 1024px) 100vw, 1024px\" \/><\/figure>\n<\/div>\n\n\n\n<div class=\"wp-block-column is-layout-flow wp-block-column-is-layout-flow\">\n<div class=\"wp-block-group is-vertical is-content-justification-stretch is-layout-flex wp-container-core-group-is-layout-2720508c wp-block-group-is-layout-flex\" style=\"min-height:100%\">\n<div class=\"wp-block-group has-global-padding is-content-justification-center is-layout-constrained wp-container-core-group-is-layout-b15c80d6 wp-block-group-is-layout-constrained\">\n<h3 class=\"wp-block-heading has-text-align-left has-text-color\" style=\"color:#07277c;margin-top:0.5rem;margin-bottom:1.01rem;font-size:clamp(1.044rem, 1.044rem + ((1vw - 0.2rem) * 1.029), 1.61rem);font-style:normal;font-weight:500;letter-spacing:0px;line-height:1.3;text-transform:capitalize\">Listado de Ensayos<\/h3>\n\n\n\n<p class=\"has-text-align-left has-text-color\" style=\"color:#03081e;margin-top:0.7rem;margin-right:0.7rem;margin-bottom:0.7rem;margin-left:0.7rem;font-size:clamp(0.875rem, 0.875rem + ((1vw - 0.2rem) * 0.245), 1.01rem);font-style:normal;font-weight:400;line-height:1.6\">Los ensayos realizados en el laboratorio se ejecutan conforme a normas t\u00e9cnicas espec\u00edficas, con el objetivo de asegurar la calidad y la confiabilidad de los resultados obtenidos. A continuaci\u00f3n, se enumeran dichos ensayos:<\/p>\n\n\n\n<ul class=\"wp-block-list\">\n<li style=\"font-size:clamp(0.875rem, 0.875rem + ((1vw - 0.2rem) * 0.227), 1rem);\">Corte Directo<\/li>\n\n\n\n<li style=\"font-size:clamp(0.875rem, 0.875rem + ((1vw - 0.2rem) * 0.227), 1rem);\">Triaxiales<\/li>\n\n\n\n<li style=\"font-size:clamp(0.875rem, 0.875rem + ((1vw - 0.2rem) * 0.227), 1rem);\">Granulometr\u00edas<\/li>\n\n\n\n<li style=\"font-size:clamp(0.875rem, 0.875rem + ((1vw - 0.2rem) * 0.227), 1rem);\">Densidad relativa<\/li>\n\n\n\n<li style=\"font-size:clamp(0.875rem, 0.875rem + ((1vw - 0.2rem) * 0.227), 1rem);\">L\u00edmites de Atterberg<\/li>\n\n\n\n<li style=\"font-size:clamp(0.875rem, 0.875rem + ((1vw - 0.2rem) * 0.227), 1rem);\">Descripci\u00f3n de sondaje<\/li>\n\n\n\n<li style=\"font-size:clamp(0.875rem, 0.875rem + ((1vw - 0.2rem) * 0.227), 1rem);\">Carga puntual<\/li>\n\n\n\n<li style=\"font-size:clamp(0.875rem, 0.875rem + ((1vw - 0.2rem) * 0.227), 1rem);\">Construcci\u00f3n y ensayos de resistencia de probetas de hormig\u00f3n armado&nbsp;<\/li>\n\n\n\n<li style=\"font-size:clamp(0.875rem, 0.875rem + ((1vw - 0.2rem) * 0.227), 1rem);\">Cono de Abrams<\/li>\n<\/ul>\n<\/div>\n<\/div>\n<\/div>\n<\/div>\n<\/section>\n","protected":false},"excerpt":{"rendered":"<p>Implementos y Equipos El laboratorio dispone de gran cantidad de elementos que permiten el desarrollo pedag\u00f3gico de los estudiantes y la investigaci\u00f3n del departamento. A continuaci\u00f3n, se listan dichos equipos: Listado de Ensayos Los ensayos realizados en el laboratorio se ejecutan conforme a normas t\u00e9cnicas espec\u00edficas, con el objetivo de asegurar la calidad y la [&hellip;]<\/p>\n","protected":false},"author":3,"featured_media":0,"parent":0,"menu_order":0,"comment_status":"closed","ping_status":"closed","template":"","meta":{"_uag_custom_page_level_css":"","footnotes":""},"class_list":["post-1062","page","type-page","status-publish","hentry"],"uagb_featured_image_src":{"full":false,"thumbnail":false,"medium":false,"medium_large":false,"large":false,"1536x1536":false,"2048x2048":false},"uagb_author_info":{"display_name":"Mario Carrillo","author_link":"https:\/\/labsmpe.uchile.cl\/?author=3"},"uagb_comment_info":0,"uagb_excerpt":"Implementos y Equipos El laboratorio dispone de gran cantidad de elementos que permiten el desarrollo pedag\u00f3gico de los estudiantes y la investigaci\u00f3n del departamento. A continuaci\u00f3n, se listan dichos equipos: Listado de Ensayos Los ensayos realizados en el laboratorio se ejecutan conforme a normas t\u00e9cnicas espec\u00edficas, con el objetivo de asegurar la calidad y la&hellip;","_links":{"self":[{"href":"https:\/\/labsmpe.uchile.cl\/index.php?rest_route=\/wp\/v2\/pages\/1062","targetHints":{"allow":["GET"]}}],"collection":[{"href":"https:\/\/labsmpe.uchile.cl\/index.php?rest_route=\/wp\/v2\/pages"}],"about":[{"href":"https:\/\/labsmpe.uchile.cl\/index.php?rest_route=\/wp\/v2\/types\/page"}],"author":[{"embeddable":true,"href":"https:\/\/labsmpe.uchile.cl\/index.php?rest_route=\/wp\/v2\/users\/3"}],"replies":[{"embeddable":true,"href":"https:\/\/labsmpe.uchile.cl\/index.php?rest_route=%2Fwp%2Fv2%2Fcomments&post=1062"}],"version-history":[{"count":10,"href":"https:\/\/labsmpe.uchile.cl\/index.php?rest_route=\/wp\/v2\/pages\/1062\/revisions"}],"predecessor-version":[{"id":1530,"href":"https:\/\/labsmpe.uchile.cl\/index.php?rest_route=\/wp\/v2\/pages\/1062\/revisions\/1530"}],"wp:attachment":[{"href":"https:\/\/labsmpe.uchile.cl\/index.php?rest_route=%2Fwp%2Fv2%2Fmedia&parent=1062"}],"curies":[{"name":"wp","href":"https:\/\/api.w.org\/{rel}","templated":true}]}}